{"id":24125,"date":"2025-08-20T13:01:43","date_gmt":"2025-08-20T13:01:43","guid":{"rendered":"https:\/\/my-loots.com\/?post_type=product&#038;p=24125"},"modified":"2025-08-20T13:01:43","modified_gmt":"2025-08-20T13:01:43","slug":"%d8%ae%d8%a7%d8%aa%d9%85-%d9%85%d8%ac%d9%88%d9%87%d8%b1%d8%a7%d8%aa-%d8%b9%d8%b5%d8%b1%d9%8a-%d9%85%d8%b1%d8%b5%d8%b9-%d8%a8%d8%a3%d8%ad%d8%ac%d8%a7%d8%b1-%d8%a7%d9%84%d8%b2%d8%b1%d9%83%d9%88%d9%86","status":"publish","type":"product","link":"https:\/\/my-loots.com\/ar\/product\/%d8%ae%d8%a7%d8%aa%d9%85-%d9%85%d8%ac%d9%88%d9%87%d8%b1%d8%a7%d8%aa-%d8%b9%d8%b5%d8%b1%d9%8a-%d9%85%d8%b1%d8%b5%d8%b9-%d8%a8%d8%a3%d8%ad%d8%ac%d8%a7%d8%b1-%d8%a7%d9%84%d8%b2%d8%b1%d9%83%d9%88%d9%86\/","title":{"rendered":"\u062e\u0627\u062a\u0645 \u0645\u062c\u0648\u0647\u0631\u0627\u062a \u0639\u0635\u0631\u064a \u0645\u0631\u0635\u0639 \u0628\u0623\u062d\u062c\u0627\u0631 \u0627\u0644\u0632\u0631\u0643\u0648\u0646 \u0627\u0644\u0623\u0628\u064a\u0636"},"content":{"rendered":"<p><p>Xu\u1ea5t x\u1ee9: CN (Ngu\u1ed3n G\u1ed1c)<br \/>\nLo\u1ea1i kim Lo\u1ea1i: H\u1ee3p Kim<br \/>\nGi\u1edbi t\u00ednh: Nam<br \/>\nPhong c\u00e1ch: Hip Hop Th\u1eddi Trang<br \/>\nV\u00f2ng Lo\u1ea1i: Nh\u1eabn C\u01b0\u1edbi<br \/>\nH\u00ecnh d\u1ea1ng\/H\u1ecda ti\u1ebft: H\u00ecnh H\u1ecdc<br \/>\nNh\u00e2n d\u1ecbp: d\u1ef1 ti\u1ec7c, C\u01b0\u1edbi \u0110\u00ednh H\u00f4n, \u0110\u00e1m C\u01b0\u1edbi<br \/>\nG\u00f3i h\u00e0ng bao g\u1ed3m: 1 C\u00e1i V\u00f2ng<br \/>\nK\u00edch th\u01b0\u1edbc: Xin Vui L\u00f2ng cho ph\u00e9p nh\u1eb9 H\u01b0\u1edbng d\u1eabn s\u1eed d\u1ee5ng \u0111o \u0111\u1ed9 l\u1ec7ch cho d\u1eef li\u1ec7u c\u00f3 th\u1ec3 sai s\u1ed1 1-2cm.<br \/>\nDo s\u1ef1 kh\u00e1c bi\u1ec7t gi\u1eefa m\u00e0n h\u00ecnh v\u00e0 \u0111\u1ed9 s\u00e1ng, m\u00e0u s\u1eafc th\u1ef1c c\u1ee7a s\u1ea3n ph\u1ea9m c\u00f3 th\u1ec3 h\u01a1i kh\u00e1c so v\u1edbi h\u00ecnh \u1ea3nh th\u1ec3 hi\u1ec7n<\/p>\n<p><img decoding=\"async\" class=\"img-responsive\" src=\"\/\/ae03.alicdn.com\/kf\/S162be7f29bad46e4b3c78d5fd4fd7e55O.jpg\"\/><img decoding=\"async\" class=\"img-responsive\" src=\"\/\/ae03.alicdn.com\/kf\/S757166b82a26464490feabfadc308cb2b.jpg\"\/><img decoding=\"async\" class=\"img-responsive\" src=\"\/\/ae03.alicdn.com\/kf\/S08e867e2cfe0442a83d4b3105e3e2a0aE.jpg\"\/><img decoding=\"async\" class=\"img-responsive\" src=\"\/\/ae03.alicdn.com\/kf\/S6eabee45009f4fb9b9fc214302eb7869I.jpg\"\/><img decoding=\"async\" class=\"img-responsive\" src=\"\/\/ae01.alicdn.com\/kf\/H849e73d4fe34449199a3d4019d9211d79.jpg\"\/><\/p>","protected":false},"excerpt":{"rendered":"<p>Xu\u1ea5t x\u1ee9: CN (Ngu\u1ed3n G\u1ed1c) Lo\u1ea1i kim Lo\u1ea1i: H\u1ee3p Kim Gi\u1edbi t\u00ednh: Nam Phong c\u00e1ch: Hip Hop Th\u1eddi Trang V\u00f2ng Lo\u1ea1i: Nh\u1eabn C\u01b0\u1edbi H\u00ecnh d\u1ea1ng\/H\u1ecda ti\u1ebft: H\u00ecnh H\u1ecdc Nh\u00e2n d\u1ecbp: d\u1ef1 ti\u1ec7c, C\u01b0\u1edbi \u0110\u00ednh H\u00f4n, \u0110\u00e1m C\u01b0\u1edbi G\u00f3i h\u00e0ng bao g\u1ed3m: 1 C\u00e1i V\u00f2ng K\u00edch th\u01b0\u1edbc: Xin Vui L\u00f2ng cho ph\u00e9p nh\u1eb9 H\u01b0\u1edbng d\u1eabn s\u1eed [&hellip;]<\/p>","protected":false},"featured_media":24126,"comment_status":"open","ping_status":"closed","template":"","meta":{"_monsterinsights_skip_tracking":false,"_monsterinsights_sitenote_active":false,"_monsterinsights_sitenote_note":"","_monsterinsights_sitenote_category":0},"product_brand":[],"product_cat":[109,1226],"product_tag":[],"class_list":{"0":"post-24125","1":"product","2":"type-product","3":"status-publish","4":"has-post-thumbnail","6":"product_cat-fashion","7":"product_cat-women-accessories-women","8":"pa_main-stone-colo-ring","9":"pa_ring-size-1452","10":"pa_ring-size-2297","11":"pa_ring-size-2298","12":"pa_ring-size-2299","13":"pa_ring-size-1450","14":"pa_ring-size-1453","15":"pa_ring-size-1454","16":"pa_ring-size-1451","18":"first","19":"instock","20":"shipping-taxable","21":"purchasable","22":"product-type-variable"},"aioseo_notices":[],"_links":{"self":[{"href":"https:\/\/my-loots.com\/ar\/wp-json\/wp\/v2\/product\/24125","targetHints":{"allow":["GET"]}}],"collection":[{"href":"https:\/\/my-loots.com\/ar\/wp-json\/wp\/v2\/product"}],"about":[{"href":"https:\/\/my-loots.com\/ar\/wp-json\/wp\/v2\/types\/product"}],"replies":[{"embeddable":true,"href":"https:\/\/my-loots.com\/ar\/wp-json\/wp\/v2\/comments?post=24125"}],"wp:featuredmedia":[{"embeddable":true,"href":"https:\/\/my-loots.com\/ar\/wp-json\/wp\/v2\/media\/24126"}],"wp:attachment":[{"href":"https:\/\/my-loots.com\/ar\/wp-json\/wp\/v2\/media?parent=24125"}],"wp:term":[{"taxonomy":"product_brand","embeddable":true,"href":"https:\/\/my-loots.com\/ar\/wp-json\/wp\/v2\/product_brand?post=24125"},{"taxonomy":"product_cat","embeddable":true,"href":"https:\/\/my-loots.com\/ar\/wp-json\/wp\/v2\/product_cat?post=24125"},{"taxonomy":"product_tag","embeddable":true,"href":"https:\/\/my-loots.com\/ar\/wp-json\/wp\/v2\/product_tag?post=24125"}],"curies":[{"name":"wp","href":"https:\/\/api.w.org\/{rel}","templated":true}]}}