{"id":13484,"date":"2025-07-22T13:55:39","date_gmt":"2025-07-22T13:55:39","guid":{"rendered":"https:\/\/my-loots.com\/?post_type=product&#038;p=13484"},"modified":"2025-07-22T13:55:40","modified_gmt":"2025-07-22T13:55:40","slug":"%d8%b4%d8%a7%d8%ad%d9%86-%d9%85%d8%aa%d9%86%d9%82%d9%84-%d8%b5%d8%ba%d9%8a%d8%b1-%d9%85%d8%ad%d9%85%d9%88%d9%84-%d8%a8%d8%a8%d8%b7%d8%a7%d8%b1%d9%8a%d8%a9-%d8%ae%d8%a7%d8%b1%d8%ac%d9%8a%d8%a9-%d8%a8","status":"publish","type":"product","link":"https:\/\/my-loots.com\/ar\/product\/%d8%b4%d8%a7%d8%ad%d9%86-%d9%85%d8%aa%d9%86%d9%82%d9%84-%d8%b5%d8%ba%d9%8a%d8%b1-%d9%85%d8%ad%d9%85%d9%88%d9%84-%d8%a8%d8%a8%d8%b7%d8%a7%d8%b1%d9%8a%d8%a9-%d8%ae%d8%a7%d8%b1%d8%ac%d9%8a%d8%a9-%d8%a8\/","title":{"rendered":"\u0634\u0627\u062d\u0646 \u0645\u062a\u0646\u0642\u0644 \u0635\u063a\u064a\u0631 \u0645\u062d\u0645\u0648\u0644 \u0628\u0628\u0637\u0627\u0631\u064a\u0629 \u062e\u0627\u0631\u062c\u064a\u0629 \u0628\u0627\u0648\u0631 \u0628\u0627\u0646\u0643 \u0644\u0623\u062c\u0647\u0632\u0629 Apple Samsung Huawei Xiaomi"},"content":{"rendered":"<p><p>Due to the particularity of the product, the tracking information query URL provided by AliExpress is inaccurate. If you need specific information, you can check: \/\/www.17track.net\/zh-cn<br \/>\nDear friend, due to the special nature of the product, it needs to be shipped to your country. Expect logistics information updates to be delayed by a few days. If you need to know logistics information,<br \/>\nYou can view the website: \/\/www.17track.net\/zh-cn and enter the tracking code into the website.<br \/>\nOr you can consult customer service at any time. Please rest assured that we will be responsible for you to the end!<br \/>\nMini banque de puissance Portable 10000mAh pour iPhone Samsung Xiaomi PowerBank batterie externe chargeur Super efficace PowerBank<br \/>\nCaract\u00e9ristique:<br \/>\n1. Plug and Play:  Taille du rouge \u00e0 l\u00e8vres, plug and play, plus besoin de s&#8217;inqui\u00e9ter de l&#8217;encombrement des c\u00e2bles de charge, charger le t\u00e9l\u00e9phone \u00e0 tout moment n&#8217;importe o\u00f9, ce qui est tr\u00e8s pratique.<br \/>\n2. Pratique:  Charge s\u00fbre et rapide, jouant avec les t\u00e9l\u00e9phones portables pendant la charge. Deux appareils peuvent \u00eatre charg\u00e9s en m\u00eame temps.<br \/>\n3. C\u00e2ble de charge 2 en 1:  La ligne de charge deux en un est \u00e0 la fois une ligne de charge et une lani\u00e8re. La banque d&#8217;alimentation a une taille mini compacte et une grande capacit\u00e9 de batterie, facile \u00e0 transporter.<br \/>\n4. Portable:  Que ce soit \u00e0 la maison ou \u00e0 l&#8217;ext\u00e9rieur, le design compact et portable, une puissance suffisante, facile \u00e0 utiliser pour divers sc\u00e9narios de charge.<br \/>\n5. Garantie de satisfaction:  Nous nous effor\u00e7ons de fournir \u00e0 chaque client le plus haut niveau de service \u00e0 la client\u00e8le pour vous assurer une exp\u00e9rience d&#8217;achat agr\u00e9able. Si vous avez des probl\u00e8mes, des demandes de renseignements ou avez besoin d&#8217;aide, n&#8217;h\u00e9sitez pas \u00e0 nous contacter directement.<br \/>\nSp\u00e9cification:<br \/>\nCouleur: rose, blanc, noir, vert (facultatif)<br \/>\nInterface: Type-C, pour iPhone (facultatif)<br \/>\nCapacit\u00e9: 10000mAh<br \/>\nMat\u00e9riau de la coque: plastique<br \/>\nPuissance de charge: 22W<br \/>\nType de cellule: cellule lithium-ion polym\u00e8re<br \/>\nTaille du produit: environ 79&#215;33.5x27mm\/3.11&#215;1.31&#215;1.06 pouces<br \/>\nTaille de l&#8217;emballage: environ 140x83x30mm\/5.51&#215;3.26&#215;1.18 pouces<br \/>\nPoids net: 150g<br \/>\nRemarque:<br \/>\nEn raison des diff\u00e9rents \u00e9crans et des effets lumineux, la couleur r\u00e9elle de l&#8217;article peut \u00eatre l\u00e9g\u00e8rement diff\u00e9rente de la couleur affich\u00e9e sur les photos. Merci!<br \/>\nVeuillez permettre un \u00e9cart de mesure de 1 \u00e0 2cm en raison de la mesure manuelle.<br \/>\nInclus:<br \/>\n1 x Banque de puissance mobile<\/p>\n<p><img decoding=\"async\" class=\"img-responsive\" src=\"\/\/ae01.alicdn.com\/kf\/S934d26bc2cd04801a62f2fc493db709ck.jpg\"\/><img decoding=\"async\" class=\"img-responsive\" src=\"\/\/ae01.alicdn.com\/kf\/S48b0218bbaa64e2083a5ed0be718aeaf8.jpg\"\/><img decoding=\"async\" class=\"img-responsive\" src=\"\/\/ae01.alicdn.com\/kf\/S2a7a7d5961534fdf833c284b39f642d0Q.jpg\"\/><img decoding=\"async\" class=\"img-responsive\" src=\"\/\/ae01.alicdn.com\/kf\/S6e403e71676641dd89a7ae0c47025e70E.jpg\"\/><img decoding=\"async\" class=\"img-responsive\" src=\"\/\/ae01.alicdn.com\/kf\/S49bf01f19e174e8d859aedf37dfb1754w.jpg\"\/><img decoding=\"async\" class=\"img-responsive\" src=\"\/\/ae01.alicdn.com\/kf\/S9d07928ba95b43289542a92bf13e97e69.jpg\"\/><img decoding=\"async\" class=\"img-responsive\" src=\"\/\/ae01.alicdn.com\/kf\/S100c2304810a4998ab2a1bc124df294e8.jpg\"\/><img decoding=\"async\" class=\"img-responsive\" src=\"\/\/ae01.alicdn.com\/kf\/Scad6c57ca348404cb1fbaa1499f916ffC.jpg\"\/><img decoding=\"async\" class=\"img-responsive\" src=\"\/\/ae01.alicdn.com\/kf\/S9b0aac5e3a454196b61173b5915f1f2dv.jpg\"\/><img decoding=\"async\" class=\"img-responsive\" src=\"\/\/ae01.alicdn.com\/kf\/S4ebde702309a43c284553e0b2556bedae.jpg\"\/><img decoding=\"async\" class=\"img-responsive\" src=\"\/\/ae01.alicdn.com\/kf\/S4a4c55a993b1442ea3775da11ce62eaa2.jpg\"\/><img decoding=\"async\" class=\"img-responsive\" src=\"\/\/ae01.alicdn.com\/kf\/Sb35e7d011cf8408a93d63d62bc1859437.jpg\"\/><img decoding=\"async\" class=\"img-responsive\" src=\"\/\/ae01.alicdn.com\/kf\/Sf89c41097684447a93925a7f7678e585v.jpg\"\/><img decoding=\"async\" class=\"img-responsive\" src=\"\/\/ae01.alicdn.com\/kf\/Sa6be1a6efc1a40758f4d92aa0d97b5e9V.jpg\"\/><\/p>","protected":false},"excerpt":{"rendered":"<p>Due to the particularity of the product, the tracking information query URL provided by AliExpress is inaccurate. If you need specific information, you can check: \/\/www.17track.net\/zh-cn Dear friend, due to the special nature of the product, it needs to be shipped to your country. Expect logistics information updates to be delayed by a few days. [&hellip;]<\/p>","protected":false},"featured_media":13485,"comment_status":"open","ping_status":"closed","template":"","meta":{"_monsterinsights_skip_tracking":false,"_monsterinsights_sitenote_active":false,"_monsterinsights_sitenote_note":"","_monsterinsights_sitenote_category":0},"product_brand":[],"product_cat":[104],"product_tag":[],"class_list":{"0":"post-13484","1":"product","2":"type-product","3":"status-publish","4":"has-post-thumbnail","6":"product_cat-electronic","7":"pa_battery-capacit-10000mah","8":"pa_battery-capacit-5000mah","10":"first","11":"instock","12":"sale","13":"shipping-taxable","14":"purchasable","15":"product-type-variable"},"aioseo_notices":[],"_links":{"self":[{"href":"https:\/\/my-loots.com\/ar\/wp-json\/wp\/v2\/product\/13484","targetHints":{"allow":["GET"]}}],"collection":[{"href":"https:\/\/my-loots.com\/ar\/wp-json\/wp\/v2\/product"}],"about":[{"href":"https:\/\/my-loots.com\/ar\/wp-json\/wp\/v2\/types\/product"}],"replies":[{"embeddable":true,"href":"https:\/\/my-loots.com\/ar\/wp-json\/wp\/v2\/comments?post=13484"}],"wp:featuredmedia":[{"embeddable":true,"href":"https:\/\/my-loots.com\/ar\/wp-json\/wp\/v2\/media\/13485"}],"wp:attachment":[{"href":"https:\/\/my-loots.com\/ar\/wp-json\/wp\/v2\/media?parent=13484"}],"wp:term":[{"taxonomy":"product_brand","embeddable":true,"href":"https:\/\/my-loots.com\/ar\/wp-json\/wp\/v2\/product_brand?post=13484"},{"taxonomy":"product_cat","embeddable":true,"href":"https:\/\/my-loots.com\/ar\/wp-json\/wp\/v2\/product_cat?post=13484"},{"taxonomy":"product_tag","embeddable":true,"href":"https:\/\/my-loots.com\/ar\/wp-json\/wp\/v2\/product_tag?post=13484"}],"curies":[{"name":"wp","href":"https:\/\/api.w.org\/{rel}","templated":true}]}}